{"id":15,"date":"2025-11-10T11:22:29","date_gmt":"2025-11-10T11:22:29","guid":{"rendered":"https:\/\/kjellskitchen.fi\/?page_id=15"},"modified":"2026-01-05T10:53:23","modified_gmt":"2026-01-05T08:53:23","slug":"framsida","status":"publish","type":"page","link":"https:\/\/kjellskitchen.fi\/fi\/","title":{"rendered":"Framsida"},"content":{"rendered":"<div class=\"oxy-container-15-111 oxy-container home-sv\"><div class=\"oxy-container-15-106 oxy-container site-default\"><div class=\"oxy-rich-text-15-119 oxy-rich-text\">\n<div class=\"heading\"><h2>Kjell\u2019s Kitchen on t\u00e4yden palvelun pitopalvelu paraisilla<\/h2><\/div><p>Meid\u00e4n teht\u00e4v\u00e4mme on v\u00e4hent\u00e4\u00e4 juhlasi j\u00e4rjest\u00e4miseen liittyv\u00e4\u00e4 taakkaa hoitamalla puolestasi kaikki tilaisuuteesi liittyv\u00e4t ruokatarjoilut. R\u00e4\u00e4t\u00e4l\u00f6imme maistuvan menun toiveidesi pohjalta ja tarjoamme kokeneen henkil\u00f6kunnan k\u00e4ytt\u00f6\u00f6si. N\u00e4in sinulle j\u00e4\u00e4 enemm\u00e4n aikaa jo juhlan suunnitteluvaiheessa ja voit keskitty\u00e4 viihdytt\u00e4m\u00e4\u00e4n vieraitasi koko tilaisuuden ajan.<\/p><p>J\u00e4rjest\u00e4mme h\u00e4\u00e4t, vuosip\u00e4iv\u00e4t, ylioppilasjuhlat, valmistujaiset tai vaikkapa yrityksesi kokousp\u00e4iv\u00e4t. Oli tilaisuutesi mik\u00e4 tahansa, henkil\u00f6kuntamme hoitaa toteutuksen onnistuneesti. Palvelemme asiakkaitamme Paraisten lis\u00e4ksi Kemi\u00f6n ja Turun seudulla.<\/p>\n<\/div><\/div><div class=\"oxy-container-15-118 oxy-container home-pic-buttons\"><a class=\"oxy-container-link-15-146 oxy-container-link home-pic-but-cont-2-pic1\" href=\"https:\/\/kjellskitchen.fi\/fi\/catering\/\" target=\"_self\"><div class=\"oxy-container-15-151 oxy-container home-pic-but-cont-2-pic1-textbox\"><div class=\"oxy-text-15-152 oxy-text home-pic-but-cont-2-pic1-textbox-header\">\nCatering\n<\/div><div class=\"oxy-rich-text-15-150 oxy-rich-text home-pic-but-cont-2-pic1-textbox-text\">\n<p>Kjell's Kitchen catering varmistaa juhlasi onnistumisen | Parainen | Turku | Kemi\u00f6 \nCatering - herkulliset juhlat\nSyntym\u00e4p\u00e4iv\u00e4t, h\u00e4\u00e4t, \u2026<\/p>\n<\/div><\/div><\/a><a class=\"oxy-container-link-15-134 oxy-container-link home-pic-but-cont-2-pic2\" href=\"https:\/\/kjellskitchen.fi\/fi\/brollop\/\" target=\"_self\"><div class=\"oxy-container-15-153 oxy-container home-pic-but-cont-2-pic1-textbox\"><div class=\"oxy-text-15-154 oxy-text home-pic-but-cont-2-pic1-textbox-header\">\nH\u00e4\u00e4t\n<\/div><div class=\"oxy-rich-text-15-155 oxy-rich-text home-pic-but-cont-2-pic1-textbox-text\">\n<p>Herkulliset tarjoilut h\u00e4\u00e4juhlaasi valmistaa Kjell\u2019s Kitchen | Parainen | Turku | Kemi\u00f6\nOnnistuneet ja herkulliset h\u00e4\u00e4t \nH\u00e4iden j\u00e4rjest\u00e4minen \u2026<\/p>\n<\/div><\/div><\/a><a class=\"oxy-container-link-15-135 oxy-container-link home-pic-but-cont-2-pic3\" href=\"https:\/\/kjellskitchen.fi\/fi\/lunchrestaurang\/\" target=\"_self\"><div class=\"oxy-container-15-156 oxy-container home-pic-but-cont-2-pic1-textbox\"><div class=\"oxy-text-15-157 oxy-text home-pic-but-cont-2-pic1-textbox-header\">\nLounasravintola\n<\/div><\/div><\/a><\/div><div class=\"oxy-container-15-120 oxy-container home-pic-text\"><div class=\"oxy-container-15-121 oxy-container home-site-def\"><div class=\"oxy-container-15-162 oxy-container temp_white\"><div class=\"oxy-text-15-164 oxy-text\">\n \n<\/div><\/div><\/div><\/div><\/div>","protected":false},"excerpt":{"rendered":"<p>Kjell\u2019s Kitchen \u00e4r en cateringservice med omfattande tj\u00e4nster i PargasV\u00e5r uppgift \u00e4r att g\u00f6ra det l\u00e4ttare f\u00f6r dig n\u00e4r du vill ordna ett evenemang genom att ta hand om all matservering under evenemanget. Vi skr\u00e4ddarsyr en smaklig meny utg\u00e5ende fr\u00e5n dina \u00f6nskem\u00e5l och st\u00e5r till tj\u00e4nst med v\u00e5r erfarna personal. S\u00e5 h\u00e4r f\u00e5r du mera [&hellip;]<\/p>\n","protected":false},"author":1,"featured_media":0,"parent":0,"menu_order":0,"comment_status":"closed","ping_status":"closed","template":"","meta":{"_oxygen_hide_in_design_set":false,"_oxygen_tags":"","footnotes":""},"class_list":["post-15","page","type-page","status-publish","hentry"],"_links":{"self":[{"href":"https:\/\/kjellskitchen.fi\/fi\/wp-json\/wp\/v2\/pages\/15","targetHints":{"allow":["GET"]}}],"collection":[{"href":"https:\/\/kjellskitchen.fi\/fi\/wp-json\/wp\/v2\/pages"}],"about":[{"href":"https:\/\/kjellskitchen.fi\/fi\/wp-json\/wp\/v2\/types\/page"}],"author":[{"embeddable":true,"href":"https:\/\/kjellskitchen.fi\/fi\/wp-json\/wp\/v2\/users\/1"}],"replies":[{"embeddable":true,"href":"https:\/\/kjellskitchen.fi\/fi\/wp-json\/wp\/v2\/comments?post=15"}],"version-history":[{"count":49,"href":"https:\/\/kjellskitchen.fi\/fi\/wp-json\/wp\/v2\/pages\/15\/revisions"}],"predecessor-version":[{"id":285,"href":"https:\/\/kjellskitchen.fi\/fi\/wp-json\/wp\/v2\/pages\/15\/revisions\/285"}],"wp:attachment":[{"href":"https:\/\/kjellskitchen.fi\/fi\/wp-json\/wp\/v2\/media?parent=15"}],"curies":[{"name":"wp","href":"https:\/\/api.w.org\/{rel}","templated":true}]}}