{"id":46,"date":"2025-11-10T14:48:00","date_gmt":"2025-11-10T14:48:00","guid":{"rendered":"https:\/\/kjellskitchen.fi\/?page_id=46"},"modified":"2026-01-05T10:55:17","modified_gmt":"2026-01-05T08:55:17","slug":"catering","status":"publish","type":"page","link":"https:\/\/kjellskitchen.fi\/fi\/catering\/","title":{"rendered":"Catering"},"content":{"rendered":"<div class=\"oxy-container-46-100 oxy-container\"><div class=\"oxy-container-46-101 oxy-container site-default\"><div class=\"oxy-rich-text-46-105 oxy-rich-text text-site-colors\">\n<h1 class=\"twelve\">Catering<\/h1><div class=\"twelve\"><h2>Kjell's Kitchen catering varmistaa juhlasi onnistumisen | Parainen | Turku | Kemi\u00f6<\/h2><h3>Catering - herkulliset juhlat<\/h3><p>Syntym\u00e4p\u00e4iv\u00e4t, h\u00e4\u00e4t, valmistujaiset, kastejuhlat - oli kyseess\u00e4 mik\u00e4 tilaisuus tahansa, catering-palvelumme j\u00e4rjest\u00e4\u00e4 maittavan menun ja henkil\u00f6kunnan juhlapaikkaasi. Taitavissa k\u00e4siss\u00e4mme valmistuvat niin suolaiset kuin makeat, kylm\u00e4t kuin l\u00e4mpim\u00e4tkin tarjottavat. Loihdimme maistuvat tarjoilut my\u00f6s erilaisiin yritystilaisuuksiin.<\/p><p>Suunnittelemme juhlaasi sopivan kokonaisuuden sinun toiveidesi pohjalta ja hoidamme halutessasi my\u00f6s tarjoilun. Tavoitteemme on, ett\u00e4 sin\u00e4 voit keskitty\u00e4 nauttimaan juhlastasi ja vieraidesi l\u00e4sn\u00e4olosta.<\/p><h3>Kauttamme saat kattavan avun juhliesi j\u00e4rjest\u00e4miseen<\/h3><p>F\u00f6rutom v\u00e5r cateringservice kan vi, genom v\u00e5ra samarbetspartners, ocks\u00e5 erbjuda hj\u00e4lp med andra delar av festarrangemangen, s\u00e5som vackra blommor och festutrymmen.\u00a0<\/p><p>Tilaa catering haluamallasi kokonaisuudella. R\u00e4\u00e4t\u00e4l\u00f6imme palvelun juuri sellaiseksi, kuin sin\u00e4 haluat.<\/p><\/div>\n<\/div><\/div><\/div>","protected":false},"excerpt":{"rendered":"<p>CateringKjell&#8217;s Kitchen catering s\u00e4kerst\u00e4ller ett lyckat evenemang | Pargas | \u00c5bo | KimitoCatering &#8211; ett delikat evenemangF\u00f6delsedagar, br\u00f6llop, dopfester \u2013 oavsett hurudan tillst\u00e4llning det g\u00e4ller, ordnar v\u00e5r cateringservice en smaklig meny och personal till din festplats. V\u00e5ra skickliga h\u00e4nder trollar fram s\u00e5v\u00e4l salta och s\u00f6ta som kalla och varma r\u00e4tter. Vi st\u00e5r ocks\u00e5 till tj\u00e4nst [&hellip;]<\/p>\n","protected":false},"author":1,"featured_media":0,"parent":0,"menu_order":0,"comment_status":"closed","ping_status":"closed","template":"","meta":{"_oxygen_hide_in_design_set":false,"_oxygen_tags":"","footnotes":""},"class_list":["post-46","page","type-page","status-publish","hentry"],"_links":{"self":[{"href":"https:\/\/kjellskitchen.fi\/fi\/wp-json\/wp\/v2\/pages\/46","targetHints":{"allow":["GET"]}}],"collection":[{"href":"https:\/\/kjellskitchen.fi\/fi\/wp-json\/wp\/v2\/pages"}],"about":[{"href":"https:\/\/kjellskitchen.fi\/fi\/wp-json\/wp\/v2\/types\/page"}],"author":[{"embeddable":true,"href":"https:\/\/kjellskitchen.fi\/fi\/wp-json\/wp\/v2\/users\/1"}],"replies":[{"embeddable":true,"href":"https:\/\/kjellskitchen.fi\/fi\/wp-json\/wp\/v2\/comments?post=46"}],"version-history":[{"count":6,"href":"https:\/\/kjellskitchen.fi\/fi\/wp-json\/wp\/v2\/pages\/46\/revisions"}],"predecessor-version":[{"id":286,"href":"https:\/\/kjellskitchen.fi\/fi\/wp-json\/wp\/v2\/pages\/46\/revisions\/286"}],"wp:attachment":[{"href":"https:\/\/kjellskitchen.fi\/fi\/wp-json\/wp\/v2\/media?parent=46"}],"curies":[{"name":"wp","href":"https:\/\/api.w.org\/{rel}","templated":true}]}}