{"id":54,"date":"2025-11-10T14:47:30","date_gmt":"2025-11-10T14:47:30","guid":{"rendered":"https:\/\/kjellskitchen.fi\/?page_id=54"},"modified":"2025-11-10T14:47:30","modified_gmt":"2025-11-10T14:47:30","slug":"brollop","status":"publish","type":"page","link":"https:\/\/kjellskitchen.fi\/fi\/brollop\/","title":{"rendered":"H\u00e4\u00e4t"},"content":{"rendered":"<div class=\"oxy-container-54-100 oxy-container\"><div class=\"oxy-container-54-101 oxy-container site-default\"><div class=\"oxy-rich-text-54-102 oxy-rich-text text-site-colors\">\n<h1 class=\"twelve\">H\u00e4\u00e4t<\/h1><div class=\"twelve\"><h2>Herkulliset tarjoilut h\u00e4\u00e4juhlaasi valmistaa Kjell\u2019s Kitchen | Parainen | Turku | Kemi\u00f6<\/h2><h3>Onnistuneet ja herkulliset h\u00e4\u00e4t<\/h3><p>H\u00e4iden j\u00e4rjest\u00e4minen vie paljon aikaa ja vaivaa. Esimerkiksi onnistunut menu vaatii tekij\u00e4lt\u00e4\u00e4n taitoa, kokemusta ja kyky\u00e4 valmistaa suurellekin juhlav\u00e4elle monipuoliset, maistuvat tarjottavat.<\/p><p>V\u00e4henn\u00e4 ty\u00f6taakkaasi ja j\u00e4t\u00e4 h\u00e4iden ruokatarjoilut meid\u00e4n k\u00e4siimme! R\u00e4\u00e4t\u00e4l\u00f6imme toiveidesi mukaisen menun, joka istuu juuri sinun makuusi ja h\u00e4ittesi teemaan. Kylm\u00e4t ja l\u00e4mpim\u00e4t, suolaiset ja makeat ruoat valmistetaan itse tuoreista raaka-aineista. Herkulliset makuel\u00e4mykset kruunaavat juhlap\u00e4iv\u00e4si.<\/p><h3>H\u00e4\u00e4t tulossa, mutta juhlapaikka puuttuu<\/h3><p>Yhteisty\u00f6kumppanimme tarjoavat k\u00e4ytt\u00f6\u00f6si arvokkaat juhlatilat.\u00a0<a href=\"http:\/\/www.furuvik.fi\/\" target=\"_blank\" rel=\"noopener\">Furuvikin kartanon<\/a>\u00a0upeassa milj\u00f6\u00f6ss\u00e4 Paraisilla viet\u00e4t unohtumattomat h\u00e4\u00e4t. My\u00f6s\u00a0<a href=\"http:\/\/www.kappelinranta.fi\/\" target=\"_blank\" rel=\"noopener\">juhlakartano Kappelinrannan<\/a>\u00a0luonnonkauniit maisemat ovat ainutlaatuinen paikka h\u00e4\u00e4juhlien j\u00e4rjest\u00e4miseen.<\/p><p>Keskity nauttimaan el\u00e4m\u00e4si t\u00e4rkeimm\u00e4st\u00e4 p\u00e4iv\u00e4st\u00e4 ja tilaa catering alan kokeneelta ammattilaiselta. Varmistut palvelun ja tuotteiden korkeasta laadusta, yst\u00e4v\u00e4llist\u00e4 henkil\u00f6kuntaa unohtamatta.<\/p><\/div>\n<\/div><\/div><\/div>","protected":false},"excerpt":{"rendered":"<p>Br\u00f6llopKjell\u2019s Kitchen tillverkar delikata r\u00e4tter till din br\u00f6llopsfest | Pargas | \u00c5bo | KimitoEtt lyckat och l\u00e4ckert br\u00f6llopDet \u00e4r b\u00e5de tidskr\u00e4vande och arbetsamt att ordna br\u00f6llop. T.ex. planeringen av en lyckad meny kr\u00e4ver skicklighet, erfarenhet och f\u00f6rm\u00e5ga att tillverka en rad m\u00e5ngsidiga och smakliga matr\u00e4tter.Minska din arbetsb\u00f6rda och l\u00e5t oss ta hand om serveringen p\u00e5 [&hellip;]<\/p>\n","protected":false},"author":1,"featured_media":0,"parent":0,"menu_order":0,"comment_status":"closed","ping_status":"closed","template":"","meta":{"_oxygen_hide_in_design_set":false,"_oxygen_tags":"","footnotes":""},"class_list":["post-54","page","type-page","status-publish","hentry"],"_links":{"self":[{"href":"https:\/\/kjellskitchen.fi\/fi\/wp-json\/wp\/v2\/pages\/54","targetHints":{"allow":["GET"]}}],"collection":[{"href":"https:\/\/kjellskitchen.fi\/fi\/wp-json\/wp\/v2\/pages"}],"about":[{"href":"https:\/\/kjellskitchen.fi\/fi\/wp-json\/wp\/v2\/types\/page"}],"author":[{"embeddable":true,"href":"https:\/\/kjellskitchen.fi\/fi\/wp-json\/wp\/v2\/users\/1"}],"replies":[{"embeddable":true,"href":"https:\/\/kjellskitchen.fi\/fi\/wp-json\/wp\/v2\/comments?post=54"}],"version-history":[{"count":3,"href":"https:\/\/kjellskitchen.fi\/fi\/wp-json\/wp\/v2\/pages\/54\/revisions"}],"predecessor-version":[{"id":77,"href":"https:\/\/kjellskitchen.fi\/fi\/wp-json\/wp\/v2\/pages\/54\/revisions\/77"}],"wp:attachment":[{"href":"https:\/\/kjellskitchen.fi\/fi\/wp-json\/wp\/v2\/media?parent=54"}],"curies":[{"name":"wp","href":"https:\/\/api.w.org\/{rel}","templated":true}]}}